{"id":32,"date":"2023-05-04T05:56:13","date_gmt":"2023-05-04T05:56:13","guid":{"rendered":"https:\/\/fiertedieppepride.com\/?page_id=32"},"modified":"2025-04-29T23:43:06","modified_gmt":"2025-04-29T23:43:06","slug":"conseil-dadministration","status":"publish","type":"page","link":"https:\/\/fiertedieppepride.com\/en\/conseil-dadministration","title":{"rendered":"Conseil d&rsquo;administration et direction"},"content":{"rendered":"<div style=\"height:24px\" aria-hidden=\"true\" class=\"wp-block-spacer\"><\/div>\n\n\n\n<h2 class=\"wp-block-heading has-text-align-center\">Membres du conseil d&rsquo;administration<\/h2>\n\n\n\n<div class=\"wp-block-media-text alignwide is-stacked-on-mobile\" style=\"grid-template-columns:20% auto\"><figure class=\"wp-block-media-text__media\"><img loading=\"lazy\" decoding=\"async\" width=\"732\" height=\"1024\" src=\"https:\/\/fiertedieppepride.com\/wp-content\/uploads\/2023\/05\/Dieppe-Pride-Individual-3-of-9-732x1024.png\" alt=\"Photo de la responsable en \u00e9ducation Marjolaine Leblanc\" class=\"wp-image-170 size-full\" srcset=\"https:\/\/fiertedieppepride.com\/wp-content\/uploads\/2023\/05\/Dieppe-Pride-Individual-3-of-9-732x1024.png 732w, https:\/\/fiertedieppepride.com\/wp-content\/uploads\/2023\/05\/Dieppe-Pride-Individual-3-of-9-214x300.png 214w, https:\/\/fiertedieppepride.com\/wp-content\/uploads\/2023\/05\/Dieppe-Pride-Individual-3-of-9-768x1075.png 768w, https:\/\/fiertedieppepride.com\/wp-content\/uploads\/2023\/05\/Dieppe-Pride-Individual-3-of-9-1097x1536.png 1097w, https:\/\/fiertedieppepride.com\/wp-content\/uploads\/2023\/05\/Dieppe-Pride-Individual-3-of-9-1463x2048.png 1463w, https:\/\/fiertedieppepride.com\/wp-content\/uploads\/2023\/05\/Dieppe-Pride-Individual-3-of-9-9x12.png 9w, https:\/\/fiertedieppepride.com\/wp-content\/uploads\/2023\/05\/Dieppe-Pride-Individual-3-of-9.png 1786w\" sizes=\"auto, (max-width: 732px) 100vw, 732px\" \/><\/figure><div class=\"wp-block-media-text__content\">\n<h3 class=\"wp-block-heading\">Pr\u00e9sidence \u00e0 l&rsquo;int\u00e9rim \/ \u00c9ducation: Marjolaine Leblanc<\/h3>\n\n\n\n<p class=\"has-medium-font-size\"><strong>Pronouns: She, Her<\/strong><\/p>\n<\/div><\/div>\n\n\n\n<div style=\"height:63px\" aria-hidden=\"true\" class=\"wp-block-spacer\"><\/div>\n\n\n\n<div class=\"wp-block-media-text alignwide is-stacked-on-mobile\" style=\"grid-template-columns:20% auto\"><figure class=\"wp-block-media-text__media\"><img loading=\"lazy\" decoding=\"async\" width=\"757\" height=\"1024\" src=\"https:\/\/fiertedieppepride.com\/wp-content\/uploads\/2025\/03\/5ad4a4bd-f6dc-422b-a5db-03d2f132e70e-757x1024.jpeg\" alt=\"\" class=\"wp-image-336 size-full\" srcset=\"https:\/\/fiertedieppepride.com\/wp-content\/uploads\/2025\/03\/5ad4a4bd-f6dc-422b-a5db-03d2f132e70e-757x1024.jpeg 757w, https:\/\/fiertedieppepride.com\/wp-content\/uploads\/2025\/03\/5ad4a4bd-f6dc-422b-a5db-03d2f132e70e-222x300.jpeg 222w, https:\/\/fiertedieppepride.com\/wp-content\/uploads\/2025\/03\/5ad4a4bd-f6dc-422b-a5db-03d2f132e70e-768x1040.jpeg 768w, https:\/\/fiertedieppepride.com\/wp-content\/uploads\/2025\/03\/5ad4a4bd-f6dc-422b-a5db-03d2f132e70e-1135x1536.jpeg 1135w, https:\/\/fiertedieppepride.com\/wp-content\/uploads\/2025\/03\/5ad4a4bd-f6dc-422b-a5db-03d2f132e70e-9x12.jpeg 9w, https:\/\/fiertedieppepride.com\/wp-content\/uploads\/2025\/03\/5ad4a4bd-f6dc-422b-a5db-03d2f132e70e.jpeg 1513w\" sizes=\"auto, (max-width: 757px) 100vw, 757px\" \/><\/figure><div class=\"wp-block-media-text__content\">\n<h3 class=\"wp-block-heading\">Vice Pr\u00e9sidence \/ Communication: Jennifer LePage-Robidoux<\/h3>\n\n\n\n<p class=\"has-medium-font-size\"><strong>Pronouns: She, Her<\/strong><\/p>\n<\/div><\/div>\n\n\n\n<div style=\"height:63px\" aria-hidden=\"true\" class=\"wp-block-spacer\"><\/div>\n\n\n\n<div class=\"wp-block-media-text alignwide is-stacked-on-mobile\" style=\"grid-template-columns:20% auto\"><figure class=\"wp-block-media-text__media\"><img loading=\"lazy\" decoding=\"async\" width=\"732\" height=\"1024\" src=\"https:\/\/fiertedieppepride.com\/wp-content\/uploads\/2023\/05\/Dieppe-Pride-Individual-8-of-9-732x1024.png\" alt=\"Photo de la tr\u00e9sori\u00e8re Lise Leclerc Babineau\" class=\"wp-image-177 size-full\" srcset=\"https:\/\/fiertedieppepride.com\/wp-content\/uploads\/2023\/05\/Dieppe-Pride-Individual-8-of-9-732x1024.png 732w, https:\/\/fiertedieppepride.com\/wp-content\/uploads\/2023\/05\/Dieppe-Pride-Individual-8-of-9-214x300.png 214w, https:\/\/fiertedieppepride.com\/wp-content\/uploads\/2023\/05\/Dieppe-Pride-Individual-8-of-9-768x1075.png 768w, https:\/\/fiertedieppepride.com\/wp-content\/uploads\/2023\/05\/Dieppe-Pride-Individual-8-of-9-1097x1536.png 1097w, https:\/\/fiertedieppepride.com\/wp-content\/uploads\/2023\/05\/Dieppe-Pride-Individual-8-of-9-1463x2048.png 1463w, https:\/\/fiertedieppepride.com\/wp-content\/uploads\/2023\/05\/Dieppe-Pride-Individual-8-of-9-9x12.png 9w, https:\/\/fiertedieppepride.com\/wp-content\/uploads\/2023\/05\/Dieppe-Pride-Individual-8-of-9.png 1786w\" sizes=\"auto, (max-width: 732px) 100vw, 732px\" \/><\/figure><div class=\"wp-block-media-text__content\">\n<h3 class=\"wp-block-heading\">Tr\u00e9sorerie : Lise Leclerc Babineau<\/h3>\n\n\n\n<p class=\"has-medium-font-size\"><strong>Pronouns: She, Her<\/strong><\/p>\n<\/div><\/div>\n\n\n\n<div style=\"height:63px\" aria-hidden=\"true\" class=\"wp-block-spacer\"><\/div>\n\n\n\n<div class=\"wp-block-media-text alignwide is-stacked-on-mobile\" style=\"grid-template-columns:20% auto\"><figure class=\"wp-block-media-text__media\"><img loading=\"lazy\" decoding=\"async\" width=\"732\" height=\"1024\" src=\"https:\/\/fiertedieppepride.com\/wp-content\/uploads\/2023\/05\/Dieppe-Pride-Individual-5-of-9-732x1024.png\" alt=\"Photo de la directrice Natalie Goguen\" class=\"wp-image-172 size-full\" srcset=\"https:\/\/fiertedieppepride.com\/wp-content\/uploads\/2023\/05\/Dieppe-Pride-Individual-5-of-9-732x1024.png 732w, https:\/\/fiertedieppepride.com\/wp-content\/uploads\/2023\/05\/Dieppe-Pride-Individual-5-of-9-214x300.png 214w, https:\/\/fiertedieppepride.com\/wp-content\/uploads\/2023\/05\/Dieppe-Pride-Individual-5-of-9-768x1075.png 768w, https:\/\/fiertedieppepride.com\/wp-content\/uploads\/2023\/05\/Dieppe-Pride-Individual-5-of-9-1097x1536.png 1097w, https:\/\/fiertedieppepride.com\/wp-content\/uploads\/2023\/05\/Dieppe-Pride-Individual-5-of-9-1463x2048.png 1463w, https:\/\/fiertedieppepride.com\/wp-content\/uploads\/2023\/05\/Dieppe-Pride-Individual-5-of-9-9x12.png 9w, https:\/\/fiertedieppepride.com\/wp-content\/uploads\/2023\/05\/Dieppe-Pride-Individual-5-of-9.png 1786w\" sizes=\"auto, (max-width: 732px) 100vw, 732px\" \/><\/figure><div class=\"wp-block-media-text__content\">\n<h3 class=\"wp-block-heading\">Secr\u00e9taire \u00e0 l&rsquo;int\u00e9rim : Nat Goguen<\/h3>\n\n\n\n<p class=\"has-medium-font-size\"><strong>Pronoms: iel, they, them<\/strong><\/p>\n<\/div><\/div>\n\n\n\n<div style=\"height:63px\" aria-hidden=\"true\" class=\"wp-block-spacer\"><\/div>\n\n\n\n<div class=\"wp-block-media-text alignwide is-stacked-on-mobile\" style=\"grid-template-columns:20% auto\"><figure class=\"wp-block-media-text__media\"><img loading=\"lazy\" decoding=\"async\" width=\"989\" height=\"1024\" src=\"https:\/\/fiertedieppepride.com\/wp-content\/uploads\/2025\/03\/5fc45514-a88d-4447-be05-90d99fbc700e-989x1024.jpeg\" alt=\"\" class=\"wp-image-341 size-full\" srcset=\"https:\/\/fiertedieppepride.com\/wp-content\/uploads\/2025\/03\/5fc45514-a88d-4447-be05-90d99fbc700e-989x1024.jpeg 989w, https:\/\/fiertedieppepride.com\/wp-content\/uploads\/2025\/03\/5fc45514-a88d-4447-be05-90d99fbc700e-290x300.jpeg 290w, https:\/\/fiertedieppepride.com\/wp-content\/uploads\/2025\/03\/5fc45514-a88d-4447-be05-90d99fbc700e-768x795.jpeg 768w, https:\/\/fiertedieppepride.com\/wp-content\/uploads\/2025\/03\/5fc45514-a88d-4447-be05-90d99fbc700e-12x12.jpeg 12w, https:\/\/fiertedieppepride.com\/wp-content\/uploads\/2025\/03\/5fc45514-a88d-4447-be05-90d99fbc700e.jpeg 1041w\" sizes=\"auto, (max-width: 989px) 100vw, 989px\" \/><\/figure><div class=\"wp-block-media-text__content\">\n<h3 class=\"wp-block-heading\">Repr\u00e9sentation premi\u00e8res nations : Cat Oulton<\/h3>\n\n\n\n<p class=\"has-medium-font-size\"><strong>Pronoms: <\/strong>elle, la<\/p>\n<\/div><\/div>\n\n\n\n<div style=\"height:63px\" aria-hidden=\"true\" class=\"wp-block-spacer\"><\/div>\n\n\n\n<div class=\"wp-block-media-text alignwide is-stacked-on-mobile\" style=\"grid-template-columns:20% auto\"><figure class=\"wp-block-media-text__media\"><img loading=\"lazy\" decoding=\"async\" width=\"578\" height=\"1024\" src=\"https:\/\/fiertedieppepride.com\/wp-content\/uploads\/2025\/03\/3d6eaf7e-dbb8-44b9-a8a9-4040d269b7bf-578x1024.jpeg\" alt=\"\" class=\"wp-image-338 size-full\" srcset=\"https:\/\/fiertedieppepride.com\/wp-content\/uploads\/2025\/03\/3d6eaf7e-dbb8-44b9-a8a9-4040d269b7bf-578x1024.jpeg 578w, https:\/\/fiertedieppepride.com\/wp-content\/uploads\/2025\/03\/3d6eaf7e-dbb8-44b9-a8a9-4040d269b7bf-169x300.jpeg 169w, https:\/\/fiertedieppepride.com\/wp-content\/uploads\/2025\/03\/3d6eaf7e-dbb8-44b9-a8a9-4040d269b7bf-768x1360.jpeg 768w, https:\/\/fiertedieppepride.com\/wp-content\/uploads\/2025\/03\/3d6eaf7e-dbb8-44b9-a8a9-4040d269b7bf-868x1536.jpeg 868w, https:\/\/fiertedieppepride.com\/wp-content\/uploads\/2025\/03\/3d6eaf7e-dbb8-44b9-a8a9-4040d269b7bf-7x12.jpeg 7w, https:\/\/fiertedieppepride.com\/wp-content\/uploads\/2025\/03\/3d6eaf7e-dbb8-44b9-a8a9-4040d269b7bf.jpeg 1080w\" sizes=\"auto, (max-width: 578px) 100vw, 578px\" \/><\/figure><div class=\"wp-block-media-text__content\">\n<h3 class=\"wp-block-heading\">Repr\u00e9sentation jeunesse&nbsp;: Alex Thibeault<\/h3>\n\n\n\n<p class=\"has-medium-font-size\"><strong>Pronoms: <\/strong>il, lui<\/p>\n<\/div><\/div>\n\n\n\n<div style=\"height:63px\" aria-hidden=\"true\" class=\"wp-block-spacer\"><\/div>\n\n\n\n<h2 class=\"wp-block-heading has-text-align-center\"><strong>Membres de la direction<\/strong><\/h2>\n\n\n\n<div class=\"wp-block-media-text alignwide is-stacked-on-mobile\" style=\"grid-template-columns:20% auto\"><figure class=\"wp-block-media-text__media\"><img loading=\"lazy\" decoding=\"async\" width=\"732\" height=\"1024\" src=\"https:\/\/fiertedieppepride.com\/wp-content\/uploads\/2023\/05\/Dieppe-Pride-Individual-1-of-9-732x1024.png\" alt=\"Photo de la secr\u00e9taire Lisa Leblanc\" class=\"wp-image-168 size-full\" srcset=\"https:\/\/fiertedieppepride.com\/wp-content\/uploads\/2023\/05\/Dieppe-Pride-Individual-1-of-9-732x1024.png 732w, https:\/\/fiertedieppepride.com\/wp-content\/uploads\/2023\/05\/Dieppe-Pride-Individual-1-of-9-214x300.png 214w, https:\/\/fiertedieppepride.com\/wp-content\/uploads\/2023\/05\/Dieppe-Pride-Individual-1-of-9-768x1075.png 768w, https:\/\/fiertedieppepride.com\/wp-content\/uploads\/2023\/05\/Dieppe-Pride-Individual-1-of-9-1097x1536.png 1097w, https:\/\/fiertedieppepride.com\/wp-content\/uploads\/2023\/05\/Dieppe-Pride-Individual-1-of-9-1463x2048.png 1463w, https:\/\/fiertedieppepride.com\/wp-content\/uploads\/2023\/05\/Dieppe-Pride-Individual-1-of-9-9x12.png 9w, https:\/\/fiertedieppepride.com\/wp-content\/uploads\/2023\/05\/Dieppe-Pride-Individual-1-of-9.png 1786w\" sizes=\"auto, (max-width: 732px) 100vw, 732px\" \/><\/figure><div class=\"wp-block-media-text__content\">\n<h3 class=\"wp-block-heading\">Directrice&nbsp;: Lisa LeBlanc<\/h3>\n\n\n\n<p class=\"has-medium-font-size\"><strong>Pronouns: She, Her<\/strong><\/p>\n<\/div><\/div>\n\n\n\n<div style=\"height:63px\" aria-hidden=\"true\" class=\"wp-block-spacer\"><\/div>\n\n\n\n<div class=\"wp-block-media-text alignwide is-stacked-on-mobile\" style=\"grid-template-columns:20% auto\"><figure class=\"wp-block-media-text__media\"><img loading=\"lazy\" decoding=\"async\" width=\"612\" height=\"827\" src=\"https:\/\/fiertedieppepride.com\/wp-content\/uploads\/2025\/04\/serge-1-copie-1.jpg\" alt=\"\" class=\"wp-image-458 size-full\" srcset=\"https:\/\/fiertedieppepride.com\/wp-content\/uploads\/2025\/04\/serge-1-copie-1.jpg 612w, https:\/\/fiertedieppepride.com\/wp-content\/uploads\/2025\/04\/serge-1-copie-1-222x300.jpg 222w, https:\/\/fiertedieppepride.com\/wp-content\/uploads\/2025\/04\/serge-1-copie-1-9x12.jpg 9w\" sizes=\"auto, (max-width: 612px) 100vw, 612px\" \/><\/figure><div class=\"wp-block-media-text__content\">\n<h3 class=\"wp-block-heading\">Directeur&nbsp;: Serge LeBlanc<\/h3>\n\n\n\n<p class=\"has-medium-font-size\"><strong>Pronoms: <\/strong>il, lui<\/p>\n<\/div><\/div>\n\n\n\n<div style=\"height:63px\" aria-hidden=\"true\" class=\"wp-block-spacer\"><\/div>\n\n\n\n<p><\/p>","protected":false},"excerpt":{"rendered":"<p>Membres du conseil d&rsquo;administration Pr\u00e9sidence \u00e0 l&rsquo;int\u00e9rim \/ \u00c9ducation: Marjolaine Leblanc Pronoms: elle, la Vice Pr\u00e9sidence \/ Communication: Jennifer LePage-Robidoux Pronoms: elle, la Tr\u00e9sorerie : Lise Leclerc Babineau Pronoms: elle, la Secr\u00e9taire \u00e0 l&rsquo;int\u00e9rim : Nat Goguen Pronoms: iel, they, them Repr\u00e9sentation premi\u00e8res nations : Cat Oulton Pronoms: elle, la Repr\u00e9sentation jeunesse&nbsp;: Alex Thibeault Pronoms: [&hellip;]<\/p>\n","protected":false},"author":1,"featured_media":0,"parent":0,"menu_order":0,"comment_status":"closed","ping_status":"closed","template":"","meta":{"site-sidebar-layout":"default","site-content-layout":"default","ast-site-content-layout":"default","site-content-style":"default","site-sidebar-style":"default","ast-global-header-display":"","ast-banner-title-visibility":"","ast-main-header-display":"","ast-hfb-above-header-display":"","ast-hfb-below-header-display":"","ast-hfb-mobile-header-display":"","site-post-title":"","ast-breadcrumbs-content":"","ast-featured-img":"","footer-sml-layout":"","ast-disable-related-posts":"","theme-transparent-header-meta":"","adv-header-id-meta":"","stick-header-meta":"","header-above-stick-meta":"","header-main-stick-meta":"","header-below-stick-meta":"","astra-migrate-meta-layouts":"set","ast-page-background-enabled":"default","ast-page-background-meta":{"desktop":{"background-color":"var(--ast-global-color-4)","background-image":"","background-repeat":"repeat","background-position":"center center","background-size":"auto","background-attachment":"scroll","background-type":"","background-media":"","overlay-type":"","overlay-color":"","overlay-opacity":"","overlay-gradient":""},"tablet":{"background-color":"","background-image":"","background-repeat":"repeat","background-position":"center center","background-size":"auto","background-attachment":"scroll","background-type":"","background-media":"","overlay-type":"","overlay-color":"","overlay-opacity":"","overlay-gradient":""},"mobile":{"background-color":"","background-image":"","background-repeat":"repeat","background-position":"center center","background-size":"auto","background-attachment":"scroll","background-type":"","background-media":"","overlay-type":"","overlay-color":"","overlay-opacity":"","overlay-gradient":""}},"ast-content-background-meta":{"desktop":{"background-color":"var(--ast-global-color-5)","background-image":"","background-repeat":"repeat","background-position":"center center","background-size":"auto","background-attachment":"scroll","background-type":"","background-media":"","overlay-type":"","overlay-color":"","overlay-opacity":"","overlay-gradient":""},"tablet":{"background-color":"var(--ast-global-color-5)","background-image":"","background-repeat":"repeat","background-position":"center center","background-size":"auto","background-attachment":"scroll","background-type":"","background-media":"","overlay-type":"","overlay-color":"","overlay-opacity":"","overlay-gradient":""},"mobile":{"background-color":"var(--ast-global-color-5)","background-image":"","background-repeat":"repeat","background-position":"center center","background-size":"auto","background-attachment":"scroll","background-type":"","background-media":"","overlay-type":"","overlay-color":"","overlay-opacity":"","overlay-gradient":""}},"footnotes":""},"class_list":["post-32","page","type-page","status-publish","hentry"],"aioseo_notices":[],"_links":{"self":[{"href":"https:\/\/fiertedieppepride.com\/en\/wp-json\/wp\/v2\/pages\/32","targetHints":{"allow":["GET"]}}],"collection":[{"href":"https:\/\/fiertedieppepride.com\/en\/wp-json\/wp\/v2\/pages"}],"about":[{"href":"https:\/\/fiertedieppepride.com\/en\/wp-json\/wp\/v2\/types\/page"}],"author":[{"embeddable":true,"href":"https:\/\/fiertedieppepride.com\/en\/wp-json\/wp\/v2\/users\/1"}],"replies":[{"embeddable":true,"href":"https:\/\/fiertedieppepride.com\/en\/wp-json\/wp\/v2\/comments?post=32"}],"version-history":[{"count":23,"href":"https:\/\/fiertedieppepride.com\/en\/wp-json\/wp\/v2\/pages\/32\/revisions"}],"predecessor-version":[{"id":459,"href":"https:\/\/fiertedieppepride.com\/en\/wp-json\/wp\/v2\/pages\/32\/revisions\/459"}],"wp:attachment":[{"href":"https:\/\/fiertedieppepride.com\/en\/wp-json\/wp\/v2\/media?parent=32"}],"curies":[{"name":"wp","href":"https:\/\/api.w.org\/{rel}","templated":true}]}}