{"id":190,"date":"2023-05-11T05:21:58","date_gmt":"2023-05-11T05:21:58","guid":{"rendered":"https:\/\/fiertedieppepride.com\/?page_id=190"},"modified":"2025-03-31T19:58:11","modified_gmt":"2025-03-31T19:58:11","slug":"evenements","status":"publish","type":"page","link":"https:\/\/fiertedieppepride.com\/en\/evenements","title":{"rendered":"Events"},"content":{"rendered":"<h2 class=\"wp-block-heading has-text-align-center\">\u00c0 venir<\/h2>\n\n\n\n<p>More details to come...<\/p>\n\n\n\n<h2 class=\"wp-block-heading has-text-align-center\">Archives<\/h2>\n\n\n\n<details class=\"wp-block-details is-layout-flow wp-block-details-is-layout-flow\"><summary>Dieppe Pride Festival - June 22nd to the 25th 2023<\/summary>\n<figure class=\"wp-block-image size-large\"><a href=\"https:\/\/fiertedieppepride.com\/wp-content\/uploads\/2023\/06\/HoraireFestivalFierte2023.pdf\"><img loading=\"lazy\" decoding=\"async\" width=\"1024\" height=\"576\" src=\"https:\/\/fiertedieppepride.com\/wp-content\/uploads\/2023\/06\/HoraireFestivalFierte2023-pdf-1024x576.jpg\" alt=\"\" class=\"wp-image-288\"\/><\/a><\/figure>\n<\/details>\n\n\n\n<details class=\"wp-block-details is-layout-flow wp-block-details-is-layout-flow\"><summary>Bal des coeurs en couleurs &#8211; Saint-Valentin 2025<\/summary>\n<figure class=\"wp-block-image size-large\"><a href=\"https:\/\/fiertedieppepride.com\/wp-content\/uploads\/2025\/03\/bal-en-couleur-1.jpg\"><img loading=\"lazy\" decoding=\"async\" width=\"1024\" height=\"1024\" src=\"https:\/\/fiertedieppepride.com\/wp-content\/uploads\/2025\/03\/bal-en-couleur-1-1024x1024.jpg\" alt=\"\" class=\"wp-image-329\" srcset=\"https:\/\/fiertedieppepride.com\/wp-content\/uploads\/2025\/03\/bal-en-couleur-1-1024x1024.jpg 1024w, https:\/\/fiertedieppepride.com\/wp-content\/uploads\/2025\/03\/bal-en-couleur-1-300x300.jpg 300w, https:\/\/fiertedieppepride.com\/wp-content\/uploads\/2025\/03\/bal-en-couleur-1-150x150.jpg 150w, https:\/\/fiertedieppepride.com\/wp-content\/uploads\/2025\/03\/bal-en-couleur-1-768x768.jpg 768w, https:\/\/fiertedieppepride.com\/wp-content\/uploads\/2025\/03\/bal-en-couleur-1-1536x1536.jpg 1536w, https:\/\/fiertedieppepride.com\/wp-content\/uploads\/2025\/03\/bal-en-couleur-1-12x12.jpg 12w, https:\/\/fiertedieppepride.com\/wp-content\/uploads\/2025\/03\/bal-en-couleur-1.jpg 2048w\" sizes=\"auto, (max-width: 1024px) 100vw, 1024px\" \/><\/a><\/figure>\n<\/details>\n\n\n\n<p><\/p>","protected":false},"excerpt":{"rendered":"<p>\u00c0 venir Plus de d\u00e9tails \u00e0 venir&#8230; Archives<\/p>","protected":false},"author":1,"featured_media":0,"parent":0,"menu_order":0,"comment_status":"closed","ping_status":"closed","template":"","meta":{"site-sidebar-layout":"default","site-content-layout":"default","ast-site-content-layout":"default","site-content-style":"default","site-sidebar-style":"default","ast-global-header-display":"","ast-banner-title-visibility":"","ast-main-header-display":"","ast-hfb-above-header-display":"","ast-hfb-below-header-display":"","ast-hfb-mobile-header-display":"","site-post-title":"","ast-breadcrumbs-content":"","ast-featured-img":"","footer-sml-layout":"","ast-disable-related-posts":"","theme-transparent-header-meta":"","adv-header-id-meta":"","stick-header-meta":"","header-above-stick-meta":"","header-main-stick-meta":"","header-below-stick-meta":"","astra-migrate-meta-layouts":"set","ast-page-background-enabled":"default","ast-page-background-meta":{"desktop":{"background-color":"var(--ast-global-color-4)","background-image":"","background-repeat":"repeat","background-position":"center center","background-size":"auto","background-attachment":"scroll","background-type":"","background-media":"","overlay-type":"","overlay-color":"","overlay-opacity":"","overlay-gradient":""},"tablet":{"background-color":"","background-image":"","background-repeat":"repeat","background-position":"center center","background-size":"auto","background-attachment":"scroll","background-type":"","background-media":"","overlay-type":"","overlay-color":"","overlay-opacity":"","overlay-gradient":""},"mobile":{"background-color":"","background-image":"","background-repeat":"repeat","background-position":"center center","background-size":"auto","background-attachment":"scroll","background-type":"","background-media":"","overlay-type":"","overlay-color":"","overlay-opacity":"","overlay-gradient":""}},"ast-content-background-meta":{"desktop":{"background-color":"var(--ast-global-color-5)","background-image":"","background-repeat":"repeat","background-position":"center center","background-size":"auto","background-attachment":"scroll","background-type":"","background-media":"","overlay-type":"","overlay-color":"","overlay-opacity":"","overlay-gradient":""},"tablet":{"background-color":"var(--ast-global-color-5)","background-image":"","background-repeat":"repeat","background-position":"center center","background-size":"auto","background-attachment":"scroll","background-type":"","background-media":"","overlay-type":"","overlay-color":"","overlay-opacity":"","overlay-gradient":""},"mobile":{"background-color":"var(--ast-global-color-5)","background-image":"","background-repeat":"repeat","background-position":"center center","background-size":"auto","background-attachment":"scroll","background-type":"","background-media":"","overlay-type":"","overlay-color":"","overlay-opacity":"","overlay-gradient":""}},"footnotes":""},"class_list":["post-190","page","type-page","status-publish","hentry"],"aioseo_notices":[],"_links":{"self":[{"href":"https:\/\/fiertedieppepride.com\/en\/wp-json\/wp\/v2\/pages\/190","targetHints":{"allow":["GET"]}}],"collection":[{"href":"https:\/\/fiertedieppepride.com\/en\/wp-json\/wp\/v2\/pages"}],"about":[{"href":"https:\/\/fiertedieppepride.com\/en\/wp-json\/wp\/v2\/types\/page"}],"author":[{"embeddable":true,"href":"https:\/\/fiertedieppepride.com\/en\/wp-json\/wp\/v2\/users\/1"}],"replies":[{"embeddable":true,"href":"https:\/\/fiertedieppepride.com\/en\/wp-json\/wp\/v2\/comments?post=190"}],"version-history":[{"count":14,"href":"https:\/\/fiertedieppepride.com\/en\/wp-json\/wp\/v2\/pages\/190\/revisions"}],"predecessor-version":[{"id":345,"href":"https:\/\/fiertedieppepride.com\/en\/wp-json\/wp\/v2\/pages\/190\/revisions\/345"}],"wp:attachment":[{"href":"https:\/\/fiertedieppepride.com\/en\/wp-json\/wp\/v2\/media?parent=190"}],"curies":[{"name":"wp","href":"https:\/\/api.w.org\/{rel}","templated":true}]}}